{"id":12,"date":"2018-11-10T19:22:26","date_gmt":"2018-11-10T19:22:26","guid":{"rendered":"https:\/\/futuriodemos.com\/app-landing-page\/?page_id=4"},"modified":"2023-11-18T20:00:06","modified_gmt":"2023-11-18T17:00:06","slug":"home","status":"publish","type":"page","link":"https:\/\/okandogan.com\/index.php\/home\/","title":{"rendered":"Home"},"content":{"rendered":"<h3 data-speed=\"50\" data-delay=\"1000\" data-loop=\"1\">\n                    Design<br \/>\n                    Logo<br \/>\nKatalog<br \/>\ninsert<br \/>\nweb design<br \/>\nVideo Alb\u00fcm<br \/>\n                <\/h3>\n<p>Tasar\u0131m\u0131n i\u00e7indeki enerjiyi ortaya \u00e7\u0131kt\u0131&#8230;.<\/p>\n<p>\t\t\t<a href=\"http:\/\/+905339545507\"><br \/>\n\t\t\t\t\t\tAra<br \/>\n\t\t\t\t\t<\/a><br \/>\n\t\t\t<a href=\"mailto:info@okandogan.com\"><br \/>\n\t\t\t\t\t\tMail At<br \/>\n\t\t\t\t\t<\/a><br \/>\n\t\t\t\t\t\t\t\t\t\t\t\t\t\t\t<img data-recalc-dims=\"1\" decoding=\"async\" width=\"422\" height=\"860\" src=\"https:\/\/i0.wp.com\/okandogan.com\/wp-content\/uploads\/2018\/11\/mobile-landing.png?resize=422%2C860&#038;ssl=1\" alt=\"\" loading=\"lazy\" srcset=\"https:\/\/i0.wp.com\/okandogan.com\/wp-content\/uploads\/2018\/11\/mobile-landing.png?w=422&amp;ssl=1 422w, https:\/\/i0.wp.com\/okandogan.com\/wp-content\/uploads\/2018\/11\/mobile-landing.png?resize=147%2C300&amp;ssl=1 147w\" sizes=\"auto, (max-width: 422px) 100vw, 422px\" \/>\t\t\t\t\t\t\t\t\t\t\t\t\t\t\t<\/p>\n<p>Customers reviews<\/p>\n<h4>Web Tasar\u0131m<\/h4>\n<h3>Web Tasar\u0131m<\/h3>\n<p>Web sayfan\u0131za size \u00f6zel i\u00e7erikler ile g\u00fcncel altyap\u0131lar ile google entegreli olarak haz\u0131rl\u0131yoruz.<\/p>\n<h3>e-ticaret<\/h3>\n<p>\u00d6zel altyap\u0131m\u0131z ile t\u00fcm bankalar ve \u00f6deme firmalar\u0131 ile uyumlu kargo ve \u00f6deme takibinin yap\u0131ld\u0131\u011f\u0131 sistemi size anahtar teslim haz\u0131rl\u0131yoruz.<\/p>\n<h3>seo hizmeti<\/h3>\n<p>web sitenizi google ile uyumlu olarak foto\u011fraflar\u0131n\u0131z ve i\u00e7erinizer seo uygulayarak bulunabilirli\u011finizi artt\u0131r\u0131yoruz.\u00a0<\/p>\n<h3>\n\t\t\t\t\t\tDESIGN<br \/>\n\t\t\t\t<\/h3>\n<p>\n\t\t\t\t\t\tSiz Tasar\u0131m i\u00e7in markan\u0131z\u0131 bildirin sizin i\u00e7in olana karar verelim.\t\t\t\t\t<\/p>\n<h3>\n\t\t\t\t\t\tMODERN<br \/>\n\t\t\t\t<\/h3>\n<p>\n\t\t\t\t\t\tAkl\u0131n\u0131zdakine uygun hep yeni tasar\u0131mlar\t\t\t\t\t<\/p>\n<h3>\n\t\t\t\t\t\t\u00c7al\u0131\u015fma<br \/>\n\t\t\t\t<\/h3>\n<p>\n\t\t\t\t\t\tisterseniz online isterseniz bask\u0131 \u00f6rne\u011fi olarak sizlere sunulmaktad\u0131r.\t\t\t\t\t<\/p>\n<p>\t\t\t\t\t\t\t\t\t\t\t\t\t\t\t<img data-recalc-dims=\"1\" decoding=\"async\" width=\"454\" height=\"861\" src=\"https:\/\/i0.wp.com\/okandogan.com\/wp-content\/uploads\/2018\/11\/mobile2.png?resize=454%2C861&#038;ssl=1\" alt=\"\" loading=\"lazy\" srcset=\"https:\/\/i0.wp.com\/okandogan.com\/wp-content\/uploads\/2018\/11\/mobile2.png?w=454&amp;ssl=1 454w, https:\/\/i0.wp.com\/okandogan.com\/wp-content\/uploads\/2018\/11\/mobile2.png?resize=158%2C300&amp;ssl=1 158w\" sizes=\"auto, (max-width: 454px) 100vw, 454px\" \/>\t\t\t\t\t\t\t\t\t\t\t\t\t\t\t<\/p>\n<h3>\n\t\t\t\t\t\tPORTFOLIO<br \/>\n\t\t\t\t<\/h3>\n<p>\n\t\t\t\t\t\t15 y\u0131ll\u0131k bir birikim ve modern tasar\u0131mlar\t\t\t\t\t<\/p>\n<h3>\n\t\t\t\t\t\tDestek<br \/>\n\t\t\t\t<\/h3>\n<p>\n\t\t\t\t\t\ttasar\u0131m bitimi sonras\u0131 teknik destek olarak sizlerin yan\u0131nday\u0131m\t\t\t\t\t<\/p>\n<h3>\n\t\t\t\t\t\tRaporlar<br \/>\n\t\t\t\t<\/h3>\n<p>\n\t\t\t\t\t\tSizlere neler kataca\u011f\u0131 hakk\u0131nda detayl\u0131 bir planlama\t\t\t\t\t<\/p>\n<p>Okan DO\u011eAN<\/p>\n<h4>Bilinir Bir Marka<\/h4>\n<p>\t\t\t\t\t\t\t\u0130nternette yoksunuz ve bu sizin i\u00e7in b\u00fcy\u00fck bir eksiklik. Bu y\u00f6nde \u00e7al\u0131\u015famalar yaparak sizelere kurumunuza \u00f6zel sistemler Sunuyoruz<br \/>\n\t\t\t\t\t\t\tSosyal medya eksikli\u011finiz varsa t\u00fcm platformlar i\u00e7in sizlere \u00f6n plana \u00e7\u0131kman\u0131z gerekenler i\u00e7in destek veriyoruz.<\/p>\n<h2><b>Sosyal Medya<\/b><br \/>&#8220;Payla\u015f, Be\u011fen, B\u00fcy\u00fc: Sosyal Medyan\u0131n Zafer Kart\u0131n\u0131 Kullan!<\/h2>\n<p>\u0130\u00e7erik \u00dcretimi Sanat, Y\u00f6netim Bilimdir: Sosyal Medya Uzman\u0131n\u0131zla Y\u00fckselin!<\/p>\n<p>\t\t\t<a href=\"#iletisim\"><br \/>\n\t\t\t\t\t\tSosyal Medya<br \/>\n\t\t\t\t\t<\/a><br \/>\n\t\t\t\t+<br \/>\n\t\t\t\t\t\t\tOptions<br \/>\n\t\t\t\t+<br \/>\n\t\t\t\t\t\t\tUsers<br \/>\n\t\t\t\t+<br \/>\n\t\t\t\t\t\t\tActive Installs<\/p>\n<h2>&#8220;Sizin \u0130\u00e7in Dijital Sanat: Web Tasar\u0131m\u0131nda M\u00fckemmelli\u011fe Yolculuk&#8221;<br \/>\n<br \/><\/h2>\n<p>Her m\u00fc\u015fterinin hikayesi farkl\u0131d\u0131r, ve biz bu hikayeyi dijital d\u00fcnyada anlatman\u0131za yard\u0131mc\u0131 oluyoruz. Web tasar\u0131m\u0131nda uzman ekibimizle, estetik ve fonksiyonu bir araya getirerek markan\u0131z\u0131 \u00e7evrimi\u00e7i ortamda g\u00fc\u00e7lendiriyoruz. Her proje bizim i\u00e7in bir sanat eseri; m\u00fc\u015fterilerimizin vizyonunu hayata ge\u00e7irirken, kullan\u0131c\u0131 dostu aray\u00fczler ve etkileyici grafik tasar\u0131mlarla dikkat \u00e7ekici web siteleri olu\u015fturuyoruz.<\/p>\n<h3>\n\t\t\t\t\t\tGRAF\u0130K TASARIM<br \/>\n\t\t\t\t<\/h3>\n<p>\n\t\t\t\t\t\tFirman\u0131z\u0131n tan\u0131t\u0131m\u0131 i\u00e7in gerekli t\u00fcm alanlarda yar\u0131md\u0131c\u0131n\u0131z olabiliriz.\t\t\t\t\t<\/p>\n<h3>\n\t\t\t\t\t\tWEB TASARIM<br \/>\n\t\t\t\t<\/h3>\n<p>\n\t\t\t\t\t\t\u0130ster web sitesi isterseniz e-ticaret sitesi ihtiya\u00e7lar\u0131n\u0131z i\u00e7in do\u011fru noktadas\u0131n\u0131z.\t\t\t\t\t<\/p>\n<h3>\n\t\t\t\t\t\tSOSYAL MEDYA<br \/>\n\t\t\t\t<\/h3>\n<p>\n\t\t\t\t\t\tFacebook, Instagram, Tiktok, LikedIn vb. t\u00fcm platformlarda sizlerleyiz.\t\t\t\t\t<\/p>\n<p>\t\t\t<a role=\"button\"><br \/>\n\t\t\t\t\t\tSosyal Medya<br \/>\n\t\t\t\t\t<\/a><br \/>\n\t\t\t<a role=\"button\"><br \/>\n\t\t\t\t\t\tWeb Tasar\u0131m<br \/>\n\t\t\t\t\t<\/a><\/p>\n","protected":false},"excerpt":{"rendered":"<p>Design Logo Katalog insert web design Video Alb\u00fcm Tasar\u0131m\u0131n i\u00e7indeki enerjiyi ortaya \u00e7\u0131kt\u0131&#8230;. Ara Mail At Customers reviews Web Tasar\u0131m Web Tasar\u0131m Web sayfan\u0131za size \u00f6zel i\u00e7erikler ile g\u00fcncel altyap\u0131lar ile google entegreli olarak haz\u0131rl\u0131yoruz. e-ticaret \u00d6zel altyap\u0131m\u0131z ile t\u00fcm bankalar ve \u00f6deme firmalar\u0131 ile uyumlu kargo ve \u00f6deme takibinin yap\u0131ld\u0131\u011f\u0131 sistemi size anahtar teslim [&hellip;]<\/p>\n","protected":false},"author":1,"featured_media":0,"parent":0,"menu_order":0,"comment_status":"closed","ping_status":"closed","template":"","meta":{"footnotes":""},"class_list":["post-12","page","type-page","status-publish","hentry"],"jetpack-related-posts":[],"jetpack_sharing_enabled":true,"_links":{"self":[{"href":"https:\/\/okandogan.com\/index.php\/wp-json\/wp\/v2\/pages\/12","targetHints":{"allow":["GET"]}}],"collection":[{"href":"https:\/\/okandogan.com\/index.php\/wp-json\/wp\/v2\/pages"}],"about":[{"href":"https:\/\/okandogan.com\/index.php\/wp-json\/wp\/v2\/types\/page"}],"author":[{"embeddable":true,"href":"https:\/\/okandogan.com\/index.php\/wp-json\/wp\/v2\/users\/1"}],"replies":[{"embeddable":true,"href":"https:\/\/okandogan.com\/index.php\/wp-json\/wp\/v2\/comments?post=12"}],"version-history":[{"count":21,"href":"https:\/\/okandogan.com\/index.php\/wp-json\/wp\/v2\/pages\/12\/revisions"}],"predecessor-version":[{"id":65,"href":"https:\/\/okandogan.com\/index.php\/wp-json\/wp\/v2\/pages\/12\/revisions\/65"}],"wp:attachment":[{"href":"https:\/\/okandogan.com\/index.php\/wp-json\/wp\/v2\/media?parent=12"}],"curies":[{"name":"wp","href":"https:\/\/api.w.org\/{rel}","templated":true}]}}